{"id":20377,"date":"2025-08-29T22:23:04","date_gmt":"2025-08-29T22:23:04","guid":{"rendered":"https:\/\/cocoschool.com\/?page_id=20377"},"modified":"2026-03-24T05:05:01","modified_gmt":"2026-03-24T05:05:01","slug":"admisiones","status":"publish","type":"page","link":"https:\/\/cocoschool.com\/index.php\/admisiones\/","title":{"rendered":"Admisiones"},"content":{"rendered":"\t\t<div data-elementor-type=\"wp-page\" data-elementor-id=\"20377\" class=\"elementor elementor-20377\">\n\t\t\t\t<div class=\"elementor-element elementor-element-21eca9d e-flex e-con-boxed e-con e-parent\" data-id=\"21eca9d\" data-element_type=\"container\">\n\t\t\t\t\t<div class=\"e-con-inner\">\n\t\t\t\t<div class=\"elementor-element elementor-element-7734b05 elementor-widget elementor-widget-borgholm_core_section_title\" data-id=\"7734b05\" data-element_type=\"widget\" data-widget_type=\"borgholm_core_section_title.default\">\n\t\t\t\t<div class=\"elementor-widget-container\">\n\t\t\t<div class=\"qodef-shortcode qodef-m  qodef-section-title qodef-alignment--center   qodef-animate-special-style\">\n\t\t\t\t<\/div>\t\t<\/div>\n\t\t\t\t<\/div>\n\t\t\t\t\t<\/div>\n\t\t\t\t<\/div>\n\t\t\t\t<section class=\"elementor-section elementor-top-section elementor-element elementor-element-290053b1 elementor-section-content-middle qodef-elementor-content-grid elementor-section-boxed elementor-section-height-default elementor-section-height-default\" data-id=\"290053b1\" data-element_type=\"section\" data-settings=\"{&quot;background_background&quot;:&quot;classic&quot;}\">\n\t\t\t\t\t\t<div class=\"elementor-container elementor-column-gap-default\">\n\t\t\t\t\t<div class=\"elementor-column elementor-col-50 elementor-top-column elementor-element elementor-element-74ccf9f6\" data-id=\"74ccf9f6\" data-element_type=\"column\">\n\t\t\t<div class=\"elementor-widget-wrap elementor-element-populated\">\n\t\t\t\t\t\t<div class=\"elementor-element elementor-element-2e6e7abb elementor-widget elementor-widget-image\" data-id=\"2e6e7abb\" data-element_type=\"widget\" data-widget_type=\"image.default\">\n\t\t\t\t<div class=\"elementor-widget-container\">\n\t\t\t<style>\/*! elementor - v3.21.0 - 25-04-2024 *\/\n.elementor-widget-image{text-align:center}.elementor-widget-image a{display:inline-block}.elementor-widget-image a img[src$=\".svg\"]{width:48px}.elementor-widget-image img{vertical-align:middle;display:inline-block}<\/style>\t\t\t\t\t\t\t\t\t\t<img decoding=\"async\" width=\"168\" height=\"229\" src=\"https:\/\/cocoschool.com\/wp-content\/uploads\/2025\/08\/NUM-1.png\" class=\"attachment-large size-large wp-image-20469\" alt=\"\" \/>\t\t\t\t\t\t\t\t\t\t\t\t\t<\/div>\n\t\t\t\t<\/div>\n\t\t\t\t\t<\/div>\n\t\t<\/div>\n\t\t\t\t<div class=\"elementor-column elementor-col-50 elementor-top-column elementor-element elementor-element-7fb08078\" data-id=\"7fb08078\" data-element_type=\"column\">\n\t\t\t<div class=\"elementor-widget-wrap elementor-element-populated\">\n\t\t\t\t\t\t<div class=\"elementor-element elementor-element-69376a75 elementor-widget__width-initial elementor-widget elementor-widget-borgholm_core_section_title\" data-id=\"69376a75\" data-element_type=\"widget\" data-widget_type=\"borgholm_core_section_title.default\">\n\t\t\t\t<div class=\"elementor-widget-container\">\n\t\t\t<div class=\"qodef-shortcode qodef-m  qodef-section-title qodef-alignment--left   \">\n\t\t\t<h1 class=\"qodef-m-title\" style=\"color: #FFFFFF\">\n\t\t\t\t\tEntrevista Acad\u00e9mica y Administrativa\t\t\t<\/h1>\n\t\t\t<p class=\"qodef-m-text\" style=\"color: #FFFFFF\">\n\t\tEs fundamental que hables con el director del programa que te interesa. Esta entrevista no solo te permitir\u00e1 obtener toda la informaci\u00f3n necesaria para tomar la mejor decisi\u00f3n sobre el m\u00e1ster que deseas estudiar, sino tambi\u00e9n conocer de primera mano la experiencia profesional del director, los proyectos y empresas en los que ha trabajado, as\u00ed como su forma de trabajar y personalidad. Esto es clave para ver si haces \u201cclick\u201d con \u00e9l, ya que ser\u00e1 la persona responsable de guiarte como alumno y de coordinar a los profesores de las distintas materias. Por otra parte, la entrevista administrativa con nuestros acesores educativos est\u00e1 dise\u00f1ada para aclarar cualquier duda sobre costos, titulaci\u00f3n, financiamiento, fechas de pago, entrega de documentos, y otros aspectos administrativos, y si eres alumno internacional informaci\u00f3n adicional sobre coste de vida en Madrid, alojamiento, gesti\u00f3n de visado, etc.\t<\/p>\n<\/div>\t\t<\/div>\n\t\t\t\t<\/div>\n\t\t\t\t<div class=\"elementor-element elementor-element-f3dc885 elementor-widget elementor-widget-html\" data-id=\"f3dc885\" data-element_type=\"widget\" data-widget_type=\"html.default\">\n\t\t\t\t<div class=\"elementor-widget-container\">\n\t\t\t<iframe data-tally-src=\"https:\/\/tally.so\/embed\/mDjZZR?alignLeft=1&hideTitle=1&transparentBackground=1&dynamicHeight=1\" loading=\"lazy\" width=\"100%\" height=\"100\" frameborder=\"0\" marginheight=\"0\" marginwidth=\"0\" title=\"SOLICITAR CITA - MASTERS MADRID - TITULO PAR\u00cdS\r\n\"><\/iframe>\r\n<script>var d=document,w=\"https:\/\/tally.so\/widgets\/embed.js\",v=function(){\"undefined\"!=typeof Tally?Tally.loadEmbeds():d.querySelectorAll(\"iframe[data-tally-src]:not([src])\").forEach((function(e){e.src=e.dataset.tallySrc}))};if(\"undefined\"!=typeof Tally)v();else if(d.querySelector('script[src=\"'+w+'\"]')==null){var s=d.createElement(\"script\");s.src=w,s.onload=v,s.onerror=v,d.body.appendChild(s);}<\/script>\t\t<\/div>\n\t\t\t\t<\/div>\n\t\t\t\t\t<\/div>\n\t\t<\/div>\n\t\t\t\t\t<\/div>\n\t\t<\/section>\n\t\t\t\t<section class=\"elementor-section elementor-top-section elementor-element elementor-element-f839366 elementor-section-content-middle qodef-elementor-content-grid elementor-section-boxed elementor-section-height-default elementor-section-height-default\" data-id=\"f839366\" data-element_type=\"section\" data-settings=\"{&quot;background_background&quot;:&quot;classic&quot;}\">\n\t\t\t\t\t\t<div class=\"elementor-container elementor-column-gap-default\">\n\t\t\t\t\t<div class=\"elementor-column elementor-col-50 elementor-top-column elementor-element elementor-element-0de4aaa\" data-id=\"0de4aaa\" data-element_type=\"column\">\n\t\t\t<div class=\"elementor-widget-wrap elementor-element-populated\">\n\t\t\t\t\t\t<div class=\"elementor-element elementor-element-a81648b elementor-widget elementor-widget-image\" data-id=\"a81648b\" data-element_type=\"widget\" data-widget_type=\"image.default\">\n\t\t\t\t<div class=\"elementor-widget-container\">\n\t\t\t\t\t\t\t\t\t\t\t\t\t<img fetchpriority=\"high\" decoding=\"async\" width=\"245\" height=\"220\" src=\"https:\/\/cocoschool.com\/wp-content\/uploads\/2025\/08\/NUM-2.png\" class=\"attachment-large size-large wp-image-20467\" alt=\"\" \/>\t\t\t\t\t\t\t\t\t\t\t\t\t<\/div>\n\t\t\t\t<\/div>\n\t\t\t\t\t<\/div>\n\t\t<\/div>\n\t\t\t\t<div class=\"elementor-column elementor-col-50 elementor-top-column elementor-element elementor-element-fb727ab\" data-id=\"fb727ab\" data-element_type=\"column\">\n\t\t\t<div class=\"elementor-widget-wrap elementor-element-populated\">\n\t\t\t\t\t\t<div class=\"elementor-element elementor-element-035452a elementor-widget__width-initial elementor-widget elementor-widget-borgholm_core_section_title\" data-id=\"035452a\" data-element_type=\"widget\" data-widget_type=\"borgholm_core_section_title.default\">\n\t\t\t\t<div class=\"elementor-widget-container\">\n\t\t\t<div class=\"qodef-shortcode qodef-m  qodef-section-title qodef-alignment--left   \">\n\t\t\t<h1 class=\"qodef-m-title\" style=\"color: #FFFFFF\">\n\t\t\t\t\tPago de Inscripci\u00f3n\t\t\t<\/h1>\n\t\t\t<p class=\"qodef-m-text\" style=\"color: #FFFFFF\">\n\t\tUna vez admitido y efectuado el primer pago de inscripci\u00f3n, tu plaza quedar\u00e1 oficialmente reservada. Se te entregar\u00e1 una carta de admisi\u00f3n junto con toda la documentaci\u00f3n necesaria para gestionar tu visado de estudios en el Consulado de Espa\u00f1a de tu pa\u00eds, si eres estudiante internacional.\t<\/p>\n<\/div>\t\t<\/div>\n\t\t\t\t<\/div>\n\t\t\t\t\t<\/div>\n\t\t<\/div>\n\t\t\t\t\t<\/div>\n\t\t<\/section>\n\t\t\t\t<section class=\"elementor-section elementor-top-section elementor-element elementor-element-91ec042 elementor-section-content-middle qodef-elementor-content-grid elementor-section-boxed elementor-section-height-default elementor-section-height-default\" data-id=\"91ec042\" data-element_type=\"section\" data-settings=\"{&quot;background_background&quot;:&quot;classic&quot;}\">\n\t\t\t\t\t\t<div class=\"elementor-container elementor-column-gap-default\">\n\t\t\t\t\t<div class=\"elementor-column elementor-col-50 elementor-top-column elementor-element elementor-element-7f1b42d\" data-id=\"7f1b42d\" data-element_type=\"column\">\n\t\t\t<div class=\"elementor-widget-wrap elementor-element-populated\">\n\t\t\t\t\t\t<div class=\"elementor-element elementor-element-4e39774 elementor-widget elementor-widget-image\" data-id=\"4e39774\" data-element_type=\"widget\" data-widget_type=\"image.default\">\n\t\t\t\t<div class=\"elementor-widget-container\">\n\t\t\t\t\t\t\t\t\t\t\t\t\t<img decoding=\"async\" width=\"245\" height=\"214\" src=\"https:\/\/cocoschool.com\/wp-content\/uploads\/2025\/08\/NUM-3.png\" class=\"attachment-large size-large wp-image-20468\" alt=\"\" \/>\t\t\t\t\t\t\t\t\t\t\t\t\t<\/div>\n\t\t\t\t<\/div>\n\t\t\t\t\t<\/div>\n\t\t<\/div>\n\t\t\t\t<div class=\"elementor-column elementor-col-50 elementor-top-column elementor-element elementor-element-4ef056f\" data-id=\"4ef056f\" data-element_type=\"column\">\n\t\t\t<div class=\"elementor-widget-wrap elementor-element-populated\">\n\t\t\t\t\t\t<div class=\"elementor-element elementor-element-3526e46 elementor-widget__width-initial elementor-widget elementor-widget-borgholm_core_section_title\" data-id=\"3526e46\" data-element_type=\"widget\" data-widget_type=\"borgholm_core_section_title.default\">\n\t\t\t\t<div class=\"elementor-widget-container\">\n\t\t\t<div class=\"qodef-shortcode qodef-m  qodef-section-title qodef-alignment--left   \">\n\t\t\t<h1 class=\"qodef-m-title\" style=\"color: #FFFFFF\">\n\t\t\t\t\tEntregar Documentaci\u00f3n\t\t\t<\/h1>\n\t\t\t<p class=\"qodef-m-text\" style=\"color: #FFFFFF\">\n\t\tEn este punto, los aspirantes deber\u00e1n presentar y entregar la documentaci\u00f3n requerida para su proceso de inscripci\u00f3n. El \u00e1rea de Admisiones se encargar\u00e1 de verificar, recibir y registrar los documentos oficiales, garantizando que el expediente acad\u00e9mico quede completo para continuar con el tr\u00e1mite de ingreso.\t<\/p>\n<\/div>\t\t<\/div>\n\t\t\t\t<\/div>\n\t\t\t\t\t<\/div>\n\t\t<\/div>\n\t\t\t\t\t<\/div>\n\t\t<\/section>\n\t\t<div class=\"elementor-element elementor-element-1c7c9ac e-flex e-con-boxed e-con e-parent\" data-id=\"1c7c9ac\" data-element_type=\"container\" data-settings=\"{&quot;background_background&quot;:&quot;classic&quot;}\">\n\t\t\t\t\t<div class=\"e-con-inner\">\n\t\t<div class=\"elementor-element elementor-element-2b6d4f0 e-con-full e-flex e-con e-child\" data-id=\"2b6d4f0\" data-element_type=\"container\">\n\t\t\t\t<div class=\"elementor-element elementor-element-d2b7146 elementor-widget elementor-widget-text-editor\" data-id=\"d2b7146\" data-element_type=\"widget\" data-widget_type=\"text-editor.default\">\n\t\t\t\t<div class=\"elementor-widget-container\">\n\t\t\t<style>\/*! elementor - v3.21.0 - 25-04-2024 *\/\n.elementor-widget-text-editor.elementor-drop-cap-view-stacked .elementor-drop-cap{background-color:#69727d;color:#fff}.elementor-widget-text-editor.elementor-drop-cap-view-framed .elementor-drop-cap{color:#69727d;border:3px solid;background-color:transparent}.elementor-widget-text-editor:not(.elementor-drop-cap-view-default) .elementor-drop-cap{margin-top:8px}.elementor-widget-text-editor:not(.elementor-drop-cap-view-default) .elementor-drop-cap-letter{width:1em;height:1em}.elementor-widget-text-editor .elementor-drop-cap{float:left;text-align:center;line-height:1;font-size:50px}.elementor-widget-text-editor .elementor-drop-cap-letter{display:inline-block}<\/style>\t\t\t\t<h5 style=\"color: white;\">M\u00c1STER T\u00cdTULO PROPIO COCO SCHOOL MADRID (ESPA\u00d1A) AVALADO CON 50 CR\u00c9DITOS ECTS POR LA UNIVERSIDAD ISABEL I<\/h5>\t\t\t\t\t\t<\/div>\n\t\t\t\t<\/div>\n\t\t\t\t<div class=\"elementor-element elementor-element-5916611 elementor-widget elementor-widget-text-editor\" data-id=\"5916611\" data-element_type=\"widget\" data-widget_type=\"text-editor.default\">\n\t\t\t\t<div class=\"elementor-widget-container\">\n\t\t\t\t\t\t\t<ul><li>Curr\u00edculum vitae<\/li><li>Copia del t\u00edtulo de bachillerato o equivalente<\/li><li>Copia del pasaporte o documento de identidad<\/li><\/ul>\t\t\t\t\t\t<\/div>\n\t\t\t\t<\/div>\n\t\t\t\t<\/div>\n\t\t<div class=\"elementor-element elementor-element-c5ab1de e-con-full e-flex e-con e-child\" data-id=\"c5ab1de\" data-element_type=\"container\">\n\t\t\t\t<div class=\"elementor-element elementor-element-d4e6739 elementor-widget elementor-widget-text-editor\" data-id=\"d4e6739\" data-element_type=\"widget\" data-widget_type=\"text-editor.default\">\n\t\t\t\t<div class=\"elementor-widget-container\">\n\t\t\t\t\t\t\t<h5 style=\"color: white;\">ESPECIALIZACI\u00d3N CON 30 CR\u00c9DITOS ECTS AVALADA POR LA UNIVERSIDAD ISABEL I<\/h5>\t\t\t\t\t\t<\/div>\n\t\t\t\t<\/div>\n\t\t\t\t<div class=\"elementor-element elementor-element-c49fb36 elementor-widget elementor-widget-text-editor\" data-id=\"c49fb36\" data-element_type=\"widget\" data-widget_type=\"text-editor.default\">\n\t\t\t\t<div class=\"elementor-widget-container\">\n\t\t\t\t\t\t\t<ul><li>Curr\u00edculum vitae<\/li><li>Copia del t\u00edtulo de bachillerato o equivalente<\/li><li>Copia del pasaporte o documento de identidad<\/li><\/ul>\t\t\t\t\t\t<\/div>\n\t\t\t\t<\/div>\n\t\t\t\t<\/div>\n\t\t\t\t\t<\/div>\n\t\t\t\t<\/div>\n\t\t\t\t<\/div>\n\t\t","protected":false},"excerpt":{"rendered":"<p>Entrevista Acad\u00e9mica y Administrativa Es fundamental que hables con el director del programa que te interesa. Esta entrevista no solo te permitir\u00e1 obtener toda la informaci\u00f3n necesaria para tomar la mejor decisi\u00f3n sobre el m\u00e1ster que deseas estudiar, sino tambi\u00e9n conocer de primera mano la experiencia profesional del director, los proyectos y empresas en los [&hellip;]<\/p>\n","protected":false},"author":2,"featured_media":0,"parent":0,"menu_order":0,"comment_status":"closed","ping_status":"closed","template":"page-full-width.php","meta":{"footnotes":""},"class_list":["post-20377","page","type-page","status-publish","hentry"],"_links":{"self":[{"href":"https:\/\/cocoschool.com\/index.php\/wp-json\/wp\/v2\/pages\/20377","targetHints":{"allow":["GET"]}}],"collection":[{"href":"https:\/\/cocoschool.com\/index.php\/wp-json\/wp\/v2\/pages"}],"about":[{"href":"https:\/\/cocoschool.com\/index.php\/wp-json\/wp\/v2\/types\/page"}],"author":[{"embeddable":true,"href":"https:\/\/cocoschool.com\/index.php\/wp-json\/wp\/v2\/users\/2"}],"replies":[{"embeddable":true,"href":"https:\/\/cocoschool.com\/index.php\/wp-json\/wp\/v2\/comments?post=20377"}],"version-history":[{"count":84,"href":"https:\/\/cocoschool.com\/index.php\/wp-json\/wp\/v2\/pages\/20377\/revisions"}],"predecessor-version":[{"id":27463,"href":"https:\/\/cocoschool.com\/index.php\/wp-json\/wp\/v2\/pages\/20377\/revisions\/27463"}],"wp:attachment":[{"href":"https:\/\/cocoschool.com\/index.php\/wp-json\/wp\/v2\/media?parent=20377"}],"curies":[{"name":"wp","href":"https:\/\/api.w.org\/{rel}","templated":true}]}}