{"id":3562,"date":"2020-07-20T11:13:21","date_gmt":"2020-07-20T11:13:21","guid":{"rendered":"https:\/\/borgholm.qodeinteractive.com\/?page_id=3562"},"modified":"2024-05-03T16:56:29","modified_gmt":"2024-05-03T16:56:29","slug":"about-me","status":"publish","type":"page","link":"https:\/\/cocoschool.com\/index.php\/about-me\/","title":{"rendered":"Internacionalizaci\u00f3n"},"content":{"rendered":"\t\t<div data-elementor-type=\"wp-page\" data-elementor-id=\"3562\" class=\"elementor elementor-3562\">\n\t\t\t\t\t\t<section class=\"elementor-section elementor-top-section elementor-element elementor-element-94f030a qodef-elementor-content-grid elementor-section-boxed elementor-section-height-default elementor-section-height-default\" data-id=\"94f030a\" data-element_type=\"section\">\n\t\t\t\t\t\t<div class=\"elementor-container elementor-column-gap-default\">\n\t\t\t\t\t<div class=\"elementor-column elementor-col-50 elementor-top-column elementor-element elementor-element-bd66897\" data-id=\"bd66897\" data-element_type=\"column\">\n\t\t\t<div class=\"elementor-widget-wrap elementor-element-populated\">\n\t\t\t\t\t\t<div class=\"elementor-element elementor-element-db3fce1 elementor-widget__width-initial elementor-widget-tablet__width-inherit elementor-widget elementor-widget-borgholm_core_section_title\" data-id=\"db3fce1\" data-element_type=\"widget\" data-widget_type=\"borgholm_core_section_title.default\">\n\t\t\t\t<div class=\"elementor-widget-container\">\n\t\t\t<div class=\"qodef-shortcode qodef-m  qodef-section-title qodef-alignment--left   qodef-animate-special-style\">\n\t\t\t<h1 class=\"qodef-m-title\" >\n\t\t\t\t\tCoco School trabaja para que los artistas y creativos..\t\t\t<\/h1>\n\t\t\t<p class=\"qodef-m-text\" >\n\t\t<span class=\"qodef-special-style\">Dispongan<\/span> <span class=\"qodef-special-style\">siempre<\/span> <span class=\"qodef-special-style\">de<\/span> las mejores <span class=\"qodef-special-style\">herramientas<\/span> <span class=\"qodef-special-style\">y<\/span> <span class=\"qodef-special-style\">conocimientos<\/span> de calidad que le permitan internacionalizar su carrera, rompiendo fronteras, pensando en el mundo como algo global, con nuevas oportunidades y adapt\u00e1ndose constantemente a las nuevas exigencias de los mercados y las empresas de las industrias creativas. \t<\/p>\n<\/div>\t\t<\/div>\n\t\t\t\t<\/div>\n\t\t\t\t\t<\/div>\n\t\t<\/div>\n\t\t\t\t<div class=\"elementor-column elementor-col-50 elementor-top-column elementor-element elementor-element-796c7ca\" data-id=\"796c7ca\" data-element_type=\"column\">\n\t\t\t<div class=\"elementor-widget-wrap elementor-element-populated\">\n\t\t\t\t\t\t<div class=\"elementor-element elementor-element-8a84129 elementor-widget elementor-widget-image\" data-id=\"8a84129\" data-element_type=\"widget\" data-widget_type=\"image.default\">\n\t\t\t\t<div class=\"elementor-widget-container\">\n\t\t\t<style>\/*! elementor - v3.21.0 - 25-04-2024 *\/\n.elementor-widget-image{text-align:center}.elementor-widget-image a{display:inline-block}.elementor-widget-image a img[src$=\".svg\"]{width:48px}.elementor-widget-image img{vertical-align:middle;display:inline-block}<\/style>\t\t\t\t\t\t\t\t\t\t<img fetchpriority=\"high\" decoding=\"async\" width=\"704\" height=\"504\" src=\"https:\/\/cocoschool.com\/wp-content\/uploads\/2024\/05\/clases-bodymechanics-5-1.png\" class=\"attachment-full size-full wp-image-8414\" alt=\"\" srcset=\"https:\/\/cocoschool.com\/wp-content\/uploads\/2024\/05\/clases-bodymechanics-5-1.png 704w, https:\/\/cocoschool.com\/wp-content\/uploads\/2024\/05\/clases-bodymechanics-5-1-300x215.png 300w, https:\/\/cocoschool.com\/wp-content\/uploads\/2024\/05\/clases-bodymechanics-5-1-600x430.png 600w\" sizes=\"(max-width: 704px) 100vw, 704px\" \/>\t\t\t\t\t\t\t\t\t\t\t\t\t<\/div>\n\t\t\t\t<\/div>\n\t\t\t\t\t<\/div>\n\t\t<\/div>\n\t\t\t\t\t<\/div>\n\t\t<\/section>\n\t\t\t\t<section class=\"elementor-section elementor-top-section elementor-element elementor-element-91c680d qodef-elementor-content-grid elementor-section-boxed elementor-section-height-default elementor-section-height-default\" data-id=\"91c680d\" data-element_type=\"section\" data-settings=\"{&quot;background_background&quot;:&quot;classic&quot;}\">\n\t\t\t\t\t\t<div class=\"elementor-container elementor-column-gap-default\">\n\t\t\t\t\t<div class=\"elementor-column elementor-col-100 elementor-top-column elementor-element elementor-element-9f216da\" data-id=\"9f216da\" data-element_type=\"column\">\n\t\t\t<div class=\"elementor-widget-wrap elementor-element-populated\">\n\t\t\t\t\t\t<div class=\"elementor-element elementor-element-197c768 elementor-widget elementor-widget-borgholm_core_section_title\" data-id=\"197c768\" data-element_type=\"widget\" data-widget_type=\"borgholm_core_section_title.default\">\n\t\t\t\t<div class=\"elementor-widget-container\">\n\t\t\t<div class=\"qodef-shortcode qodef-m  qodef-section-title qodef-alignment--left   qodef-animate-special-style\">\n\t\t\t<h2 class=\"qodef-m-title\" style=\"color: #FBD200\">\n\t\t\t\t\tActualmente <span class=\"qodef-special-style\">Coco<\/span> <span class=\"qodef-special-style\">School<\/span> <span class=\"qodef-special-style\">tiene<\/span> <span class=\"qodef-special-style\">sedes<\/span> en el continente americano y europeo .\t\t\t<\/h2>\n\t\t<\/div>\t\t<\/div>\n\t\t\t\t<\/div>\n\t\t\t\t\t<\/div>\n\t\t<\/div>\n\t\t\t\t\t<\/div>\n\t\t<\/section>\n\t\t\t\t<section class=\"elementor-section elementor-top-section elementor-element elementor-element-4f2f698 elementor-section-content-middle qodef-elementor-content-grid elementor-section-boxed elementor-section-height-default elementor-section-height-default\" data-id=\"4f2f698\" data-element_type=\"section\">\n\t\t\t\t\t\t<div class=\"elementor-container elementor-column-gap-default\">\n\t\t\t\t\t<div class=\"elementor-column elementor-col-50 elementor-top-column elementor-element elementor-element-1a6276a\" data-id=\"1a6276a\" data-element_type=\"column\">\n\t\t\t<div class=\"elementor-widget-wrap elementor-element-populated\">\n\t\t\t\t\t\t<div class=\"elementor-element elementor-element-b1460fc elementor-widget elementor-widget-image\" data-id=\"b1460fc\" data-element_type=\"widget\" data-widget_type=\"image.default\">\n\t\t\t\t<div class=\"elementor-widget-container\">\n\t\t\t\t\t\t\t\t\t\t\t\t\t<img decoding=\"async\" width=\"1024\" height=\"608\" src=\"https:\/\/cocoschool.com\/wp-content\/uploads\/2024\/04\/INSTALACIONES-COCO-SCHOOL-011-1024x608.jpg\" class=\"attachment-large size-large wp-image-7674\" alt=\"\" srcset=\"https:\/\/cocoschool.com\/wp-content\/uploads\/2024\/04\/INSTALACIONES-COCO-SCHOOL-011-1024x608.jpg 1024w, https:\/\/cocoschool.com\/wp-content\/uploads\/2024\/04\/INSTALACIONES-COCO-SCHOOL-011-300x178.jpg 300w, https:\/\/cocoschool.com\/wp-content\/uploads\/2024\/04\/INSTALACIONES-COCO-SCHOOL-011-768x456.jpg 768w, https:\/\/cocoschool.com\/wp-content\/uploads\/2024\/04\/INSTALACIONES-COCO-SCHOOL-011-1536x912.jpg 1536w, https:\/\/cocoschool.com\/wp-content\/uploads\/2024\/04\/INSTALACIONES-COCO-SCHOOL-011-2048x1216.jpg 2048w, https:\/\/cocoschool.com\/wp-content\/uploads\/2024\/04\/INSTALACIONES-COCO-SCHOOL-011-600x356.jpg 600w\" sizes=\"(max-width: 1024px) 100vw, 1024px\" \/>\t\t\t\t\t\t\t\t\t\t\t\t\t<\/div>\n\t\t\t\t<\/div>\n\t\t\t\t\t<\/div>\n\t\t<\/div>\n\t\t\t\t<div class=\"elementor-column elementor-col-50 elementor-top-column elementor-element elementor-element-5fdc4fe\" data-id=\"5fdc4fe\" data-element_type=\"column\">\n\t\t\t<div class=\"elementor-widget-wrap elementor-element-populated\">\n\t\t\t\t\t\t<div class=\"elementor-element elementor-element-70bef93 elementor-widget__width-initial elementor-widget elementor-widget-borgholm_core_section_title\" data-id=\"70bef93\" data-element_type=\"widget\" data-widget_type=\"borgholm_core_section_title.default\">\n\t\t\t\t<div class=\"elementor-widget-container\">\n\t\t\t<div class=\"qodef-shortcode qodef-m  qodef-section-title qodef-alignment--left   \">\n\t\t\t<h1 class=\"qodef-m-title\" >\n\t\t\t\t\tFusi\u00f3n de profesores y alumnos.\t\t\t<\/h1>\n\t\t\t<p class=\"qodef-m-text\" >\n\t\t<span class=\"qodef-special-style\">Favorece<\/span> <span class=\"qodef-special-style\">el<\/span> <span class=\"qodef-special-style\">crecimiento<\/span> <span class=\"qodef-special-style\">profesional<\/span> <span class=\"qodef-special-style\">y<\/span> <span class=\"qodef-special-style\">humano<\/span> de todas la personas que conforman Coco School, enriqueciendo la instituci\u00f3n y haci\u00e9ndola cada vez m\u00e1s Cosmopolita y global.\t<\/p>\n<\/div>\t\t<\/div>\n\t\t\t\t<\/div>\n\t\t\t\t\t<\/div>\n\t\t<\/div>\n\t\t\t\t\t<\/div>\n\t\t<\/section>\n\t\t\t\t<section class=\"elementor-section elementor-top-section elementor-element elementor-element-11d21f6 qodef-elementor-content-grid elementor-section-boxed elementor-section-height-default elementor-section-height-default\" data-id=\"11d21f6\" data-element_type=\"section\">\n\t\t\t\t\t\t<div class=\"elementor-container elementor-column-gap-default\">\n\t\t\t\t\t<div class=\"elementor-column elementor-col-50 elementor-top-column elementor-element elementor-element-b1e6dfc\" data-id=\"b1e6dfc\" data-element_type=\"column\">\n\t\t\t<div class=\"elementor-widget-wrap elementor-element-populated\">\n\t\t\t\t\t\t<div class=\"elementor-element elementor-element-a109ea0 elementor-widget__width-initial elementor-widget-tablet__width-inherit elementor-widget elementor-widget-borgholm_core_section_title\" data-id=\"a109ea0\" data-element_type=\"widget\" data-widget_type=\"borgholm_core_section_title.default\">\n\t\t\t\t<div class=\"elementor-widget-container\">\n\t\t\t<div class=\"qodef-shortcode qodef-m  qodef-section-title qodef-alignment--left   qodef-animate-special-style\">\n\t\t\t<h1 class=\"qodef-m-title\" >\n\t\t\t\t\tOportunidades en <span class=\"qodef-special-style\">Coco<\/span> <span class=\"qodef-special-style\">School<\/span>\t\t\t<\/h1>\n\t\t\t<p class=\"qodef-m-text\" >\n\t\t<span class=\"qodef-special-style\">Todos<\/span> <span class=\"qodef-special-style\">los<\/span> <span class=\"qodef-special-style\">alumnos<\/span> de <span class=\"qodef-special-style\">Coco<\/span> <span class=\"qodef-special-style\">School<\/span> <span class=\"qodef-special-style\">Madrid<\/span> y <span class=\"qodef-special-style\">Alicante<\/span> pueden estudiar <span class=\"qodef-special-style\">maestr\u00edas<\/span> <span class=\"qodef-special-style\">presenciales<\/span> o <span class=\"qodef-special-style\">en<\/span> <span class=\"qodef-special-style\">l\u00ednea<\/span> avaladas por nuestra universidad con t\u00edtulos de la Secretar\u00eda de Educaci\u00f3n P\u00fablica <span class=\"qodef-special-style\">(SEP)<\/span> en la sede de Ciudad de M\u00e9xico.\t<\/p>\n<\/div>\t\t<\/div>\n\t\t\t\t<\/div>\n\t\t\t\t<div class=\"elementor-element elementor-element-e2faa32 elementor-widget elementor-widget-borgholm_core_button\" data-id=\"e2faa32\" data-element_type=\"widget\" data-widget_type=\"borgholm_core_button.default\">\n\t\t\t\t<div class=\"elementor-widget-container\">\n\t\t\t<a class=\"qodef-shortcode qodef-m  qodef-button qodef-layout--filled  qodef-html--link\" href=\"https:\/\/www.cocoschool.mx\/\" target=\"_blank\"  >\n\t<span class=\"qodef-m-text\">CONOCE M\u00c1S<\/span>\n<\/a>\t\t<\/div>\n\t\t\t\t<\/div>\n\t\t\t\t\t<\/div>\n\t\t<\/div>\n\t\t\t\t<div class=\"elementor-column elementor-col-50 elementor-top-column elementor-element elementor-element-1441340\" data-id=\"1441340\" data-element_type=\"column\">\n\t\t\t<div class=\"elementor-widget-wrap elementor-element-populated\">\n\t\t\t\t\t\t<div class=\"elementor-element elementor-element-68ea3bb elementor-widget elementor-widget-image\" data-id=\"68ea3bb\" data-element_type=\"widget\" data-widget_type=\"image.default\">\n\t\t\t\t<div class=\"elementor-widget-container\">\n\t\t\t\t\t\t\t\t\t\t\t\t\t<img decoding=\"async\" width=\"921\" height=\"644\" src=\"https:\/\/cocoschool.com\/wp-content\/uploads\/2024\/04\/Captura-de-Pantalla-2024-04-29-a-las-9.55.09.png\" class=\"attachment-full size-full wp-image-7677\" alt=\"\" srcset=\"https:\/\/cocoschool.com\/wp-content\/uploads\/2024\/04\/Captura-de-Pantalla-2024-04-29-a-las-9.55.09.png 921w, https:\/\/cocoschool.com\/wp-content\/uploads\/2024\/04\/Captura-de-Pantalla-2024-04-29-a-las-9.55.09-300x210.png 300w, https:\/\/cocoschool.com\/wp-content\/uploads\/2024\/04\/Captura-de-Pantalla-2024-04-29-a-las-9.55.09-768x537.png 768w, https:\/\/cocoschool.com\/wp-content\/uploads\/2024\/04\/Captura-de-Pantalla-2024-04-29-a-las-9.55.09-600x420.png 600w\" sizes=\"(max-width: 921px) 100vw, 921px\" \/>\t\t\t\t\t\t\t\t\t\t\t\t\t<\/div>\n\t\t\t\t<\/div>\n\t\t\t\t\t<\/div>\n\t\t<\/div>\n\t\t\t\t\t<\/div>\n\t\t<\/section>\n\t\t\t\t<\/div>\n\t\t","protected":false},"excerpt":{"rendered":"<p>Coco School trabaja para que los artistas y creativos.. Dispongan siempre de las mejores herramientas y conocimientos de calidad que le permitan internacionalizar su carrera, rompiendo fronteras, pensando en el mundo como algo global, con nuevas oportunidades y adapt\u00e1ndose constantemente a las nuevas exigencias de los mercados y las empresas de las industrias creativas. Actualmente [&hellip;]<\/p>\n","protected":false},"author":1,"featured_media":0,"parent":0,"menu_order":0,"comment_status":"closed","ping_status":"closed","template":"page-full-width.php","meta":{"footnotes":""},"class_list":["post-3562","page","type-page","status-publish","hentry"],"_links":{"self":[{"href":"https:\/\/cocoschool.com\/index.php\/wp-json\/wp\/v2\/pages\/3562","targetHints":{"allow":["GET"]}}],"collection":[{"href":"https:\/\/cocoschool.com\/index.php\/wp-json\/wp\/v2\/pages"}],"about":[{"href":"https:\/\/cocoschool.com\/index.php\/wp-json\/wp\/v2\/types\/page"}],"author":[{"embeddable":true,"href":"https:\/\/cocoschool.com\/index.php\/wp-json\/wp\/v2\/users\/1"}],"replies":[{"embeddable":true,"href":"https:\/\/cocoschool.com\/index.php\/wp-json\/wp\/v2\/comments?post=3562"}],"version-history":[{"count":65,"href":"https:\/\/cocoschool.com\/index.php\/wp-json\/wp\/v2\/pages\/3562\/revisions"}],"predecessor-version":[{"id":8754,"href":"https:\/\/cocoschool.com\/index.php\/wp-json\/wp\/v2\/pages\/3562\/revisions\/8754"}],"wp:attachment":[{"href":"https:\/\/cocoschool.com\/index.php\/wp-json\/wp\/v2\/media?parent=3562"}],"curies":[{"name":"wp","href":"https:\/\/api.w.org\/{rel}","templated":true}]}}